{"id":915,"date":"2022-04-27T10:21:18","date_gmt":"2022-04-27T16:21:18","guid":{"rendered":"http:\/\/dinelab.com\/?post_type=product&#038;p=915"},"modified":"2022-04-27T10:23:13","modified_gmt":"2022-04-27T16:23:13","slug":"cromatografo-de-liquidos-ionico-dionex-aquion-2","status":"publish","type":"product","link":"https:\/\/dinelab.com\/?product=cromatografo-de-liquidos-ionico-dionex-aquion-2","title":{"rendered":"CROMATOGRAFO DE LIQUIDOS IONICO DIONEX AQUION"},"content":{"rendered":"<p>Incluye los siguientes componentes :<\/p>\n<p><span style=\"font-family: arial, sans-serif;\"><span style=\"font-size: small;\">Thermo Scientific Dionex Aquion Ion Chromatography System with Degas, Chromeleon 7 SE, without PC<\/span><\/span><\/p>\n<p><span style=\"font-family: arial, sans-serif;\"><span style=\"font-size: small;\">IonPac AG22 Guard Column (4 x 50 mm)<\/span><\/span><\/p>\n<p><span style=\"font-family: arial, sans-serif;\"><span style=\"font-size: small;\">Dionex AERS 500 Carbonate (4mm)<\/span><\/span><\/p>\n<p><span style=\"font-family: arial, sans-serif;\"><span style=\"font-size: small;\">Column Heater <\/span><\/span><\/p>\n<p><span style=\"font-family: arial, sans-serif;\"><span style=\"font-size: small;\">Thermo Scientific Dionex AS-DV for 5.0 mL vials<\/span><\/span><\/p>\n<p><span style=\"font-family: arial, sans-serif;\"><span style=\"font-size: small;\">PolyVials and Filter Caps (20 \u03bcm), 250 each, for 5-mL vials<\/span><\/span><\/p>\n<p><span style=\"font-family: arial, sans-serif;\"><span style=\"font-size: small;\">Cap Removal tool<\/span><\/span><\/p>\n<p><span style=\"font-family: arial, sans-serif;\"><span style=\"font-size: small;\">Chromeleon License Dongle<\/span><\/span><\/p>\n","protected":false},"excerpt":{"rendered":"<p>Cromat\u00f3grafo ionico, nuestra soluci\u00f3n econ\u00f3micamente mas accesible, se trata de un equipo compacto y de funcionamiento sencillo, incluye bomba de doble pist\u00f3n, supresor electrol\u00edtico, auto inyector AS-DV y software Chromeleon.<\/p>\n","protected":false},"featured_media":898,"template":"","meta":{"_uag_custom_page_level_css":"","site-sidebar-layout":"default","site-content-layout":"default","ast-site-content-layout":"default","site-content-style":"default","site-sidebar-style":"default","ast-global-header-display":"","ast-banner-title-visibility":"","ast-main-header-display":"","ast-hfb-above-header-display":"","ast-hfb-below-header-display":"","ast-hfb-mobile-header-display":"","site-post-title":"","ast-breadcrumbs-content":"","ast-featured-img":"","footer-sml-layout":"","ast-disable-related-posts":"","theme-transparent-header-meta":"default","adv-header-id-meta":"","stick-header-meta":"","header-above-stick-meta":"","header-main-stick-meta":"","header-below-stick-meta":"","astra-migrate-meta-layouts":"default","ast-page-background-enabled":"default","ast-page-background-meta":{"desktop":{"background-color":"","background-image":"","background-repeat":"repeat","background-position":"center center","background-size":"auto","background-attachment":"scroll","background-type":"","background-media":"","overlay-type":"","overlay-color":"","overlay-opacity":"","overlay-gradient":""},"tablet":{"background-color":"","background-image":"","background-repeat":"repeat","background-position":"center center","background-size":"auto","background-attachment":"scroll","background-type":"","background-media":"","overlay-type":"","overlay-color":"","overlay-opacity":"","overlay-gradient":""},"mobile":{"background-color":"","background-image":"","background-repeat":"repeat","background-position":"center center","background-size":"auto","background-attachment":"scroll","background-type":"","background-media":"","overlay-type":"","overlay-color":"","overlay-opacity":"","overlay-gradient":""}},"ast-content-background-meta":{"desktop":{"background-color":"var(--ast-global-color-5)","background-image":"","background-repeat":"repeat","background-position":"center center","background-size":"auto","background-attachment":"scroll","background-type":"","background-media":"","overlay-type":"","overlay-color":"","overlay-opacity":"","overlay-gradient":""},"tablet":{"background-color":"var(--ast-global-color-5)","background-image":"","background-repeat":"repeat","background-position":"center center","background-size":"auto","background-attachment":"scroll","background-type":"","background-media":"","overlay-type":"","overlay-color":"","overlay-opacity":"","overlay-gradient":""},"mobile":{"background-color":"var(--ast-global-color-5)","background-image":"","background-repeat":"repeat","background-position":"center center","background-size":"auto","background-attachment":"scroll","background-type":"","background-media":"","overlay-type":"","overlay-color":"","overlay-opacity":"","overlay-gradient":""}}},"product_brand":[],"product_cat":[37],"product_tag":[],"class_list":{"0":"post-915","1":"product","2":"type-product","3":"status-publish","4":"has-post-thumbnail","6":"product_cat-cromatografia-ionica","7":"desktop-align-left","8":"tablet-align-left","9":"mobile-align-left","11":"first","12":"instock","13":"shipping-taxable","14":"purchasable","15":"product-type-simple"},"uagb_featured_image_src":{"full":["https:\/\/dinelab.com\/wp-content\/uploads\/2022\/04\/aquion.jpg",655,624,false],"thumbnail":["https:\/\/dinelab.com\/wp-content\/uploads\/2022\/04\/aquion-150x150.jpg",150,150,true],"medium":["https:\/\/dinelab.com\/wp-content\/uploads\/2022\/04\/aquion-300x286.jpg",300,286,true],"medium_large":["https:\/\/dinelab.com\/wp-content\/uploads\/2022\/04\/aquion.jpg",655,624,false],"large":["https:\/\/dinelab.com\/wp-content\/uploads\/2022\/04\/aquion.jpg",655,624,false],"1536x1536":["https:\/\/dinelab.com\/wp-content\/uploads\/2022\/04\/aquion.jpg",655,624,false],"2048x2048":["https:\/\/dinelab.com\/wp-content\/uploads\/2022\/04\/aquion.jpg",655,624,false],"woocommerce_thumbnail":["https:\/\/dinelab.com\/wp-content\/uploads\/2022\/04\/aquion-300x300.jpg",300,300,true],"woocommerce_single":["https:\/\/dinelab.com\/wp-content\/uploads\/2022\/04\/aquion-600x572.jpg",600,572,true],"woocommerce_gallery_thumbnail":["https:\/\/dinelab.com\/wp-content\/uploads\/2022\/04\/aquion-100x100.jpg",100,100,true]},"uagb_author_info":{"display_name":"admin","author_link":"https:\/\/dinelab.com\/?author=0"},"uagb_comment_info":0,"uagb_excerpt":"Cromat\u00f3grafo ionico, nuestra soluci\u00f3n econ\u00f3micamente mas accesible, se trata de un equipo compacto y de funcionamiento sencillo, incluye bomba de doble pist\u00f3n, supresor electrol\u00edtico, auto inyector AS-DV y software Chromeleon.","_links":{"self":[{"href":"https:\/\/dinelab.com\/index.php?rest_route=\/wp\/v2\/product\/915","targetHints":{"allow":["GET"]}}],"collection":[{"href":"https:\/\/dinelab.com\/index.php?rest_route=\/wp\/v2\/product"}],"about":[{"href":"https:\/\/dinelab.com\/index.php?rest_route=\/wp\/v2\/types\/product"}],"wp:featuredmedia":[{"embeddable":true,"href":"https:\/\/dinelab.com\/index.php?rest_route=\/wp\/v2\/media\/898"}],"wp:attachment":[{"href":"https:\/\/dinelab.com\/index.php?rest_route=%2Fwp%2Fv2%2Fmedia&parent=915"}],"wp:term":[{"taxonomy":"product_brand","embeddable":true,"href":"https:\/\/dinelab.com\/index.php?rest_route=%2Fwp%2Fv2%2Fproduct_brand&post=915"},{"taxonomy":"product_cat","embeddable":true,"href":"https:\/\/dinelab.com\/index.php?rest_route=%2Fwp%2Fv2%2Fproduct_cat&post=915"},{"taxonomy":"product_tag","embeddable":true,"href":"https:\/\/dinelab.com\/index.php?rest_route=%2Fwp%2Fv2%2Fproduct_tag&post=915"}],"curies":[{"name":"wp","href":"https:\/\/api.w.org\/{rel}","templated":true}]}}